{"id":10015,"date":"2026-03-26T20:57:30","date_gmt":"2026-03-26T17:57:30","guid":{"rendered":"https:\/\/afyonyoresel.com.tr\/?post_type=product&#038;p=10015"},"modified":"2026-03-26T20:57:38","modified_gmt":"2026-03-26T17:57:38","slug":"afyon-kaymakli-antep-fistikli-lokum","status":"publish","type":"product","link":"https:\/\/afyonyoresel.com.tr\/?product=afyon-kaymakli-antep-fistikli-lokum","title":{"rendered":"Afyon Kaymakl\u0131 Antep F\u0131st\u0131kl\u0131 Lokum"},"content":{"rendered":"<p>Afyon Lokumu, geleneksel y\u00f6ntemlerle haz\u0131rlanan, yumu\u015fak dokusu ve zengin aromas\u0131yla \u00f6ne \u00e7\u0131kan e\u015fsiz bir lezzettir. Do\u011fal malzemeler kullan\u0131larak \u00fcretilen bu \u00f6zel lokum, hem g\u00fcnl\u00fck t\u00fcketim hem de ikraml\u0131k olarak tercih edilir.<\/p>\n<p>\u2714 Geleneksel \u00fcretim<br \/>\n\u2714 Taze ve yumu\u015fak doku<br \/>\n\u2714 Do\u011fal ve \u00f6zenle se\u00e7ilmi\u015f i\u00e7erikler<br \/>\n\u2714Taze \u00fcretim \u2013 sipari\u015f sonras\u0131 haz\u0131rlan\u0131r<\/p>\n<p>\u00d6zel g\u00fcnlerde, misafir sofralar\u0131nda veya tatl\u0131 bir mola vermek istedi\u011finiz her an i\u00e7in ideal bir se\u00e7enektir. Afyon\u2019un me\u015fhur lezzetini en do\u011fal haliyle deneyimleyin.<\/p>\n","protected":false},"excerpt":{"rendered":"<p>Afyon Lokumu, geleneksel y\u00f6ntemlerle haz\u0131rlanan, yumu\u015fak dokusu ve zengin aromas\u0131yla \u00f6ne \u00e7\u0131kan e\u015fsiz bir lezzettir. Do\u011fal malzemeler kullan\u0131larak \u00fcretilen bu \u00f6zel lokum, hem g\u00fcnl\u00fck t\u00fcketim hem de ikraml\u0131k olarak tercih edilir. \u2714 Geleneksel \u00fcretim \u2714 Taze ve yumu\u015fak doku \u2714 &hellip; <a href=\"https:\/\/afyonyoresel.com.tr\/?product=afyon-kaymakli-antep-fistikli-lokum\">Readmore<\/a><\/p>\n","protected":false},"featured_media":10039,"comment_status":"open","ping_status":"closed","template":"","meta":[],"product_cat":[241],"product_tag":[],"class_list":{"0":"post-10015","1":"product","2":"type-product","3":"status-publish","4":"has-post-thumbnail","6":"product_cat-lokum-tatlilar","8":"first","9":"instock","10":"sale","11":"taxable","12":"shipping-taxable","13":"purchasable","14":"product-type-simple"},"_links":{"self":[{"href":"https:\/\/afyonyoresel.com.tr\/index.php?rest_route=\/wp\/v2\/product\/10015","targetHints":{"allow":["GET"]}}],"collection":[{"href":"https:\/\/afyonyoresel.com.tr\/index.php?rest_route=\/wp\/v2\/product"}],"about":[{"href":"https:\/\/afyonyoresel.com.tr\/index.php?rest_route=\/wp\/v2\/types\/product"}],"replies":[{"embeddable":true,"href":"https:\/\/afyonyoresel.com.tr\/index.php?rest_route=%2Fwp%2Fv2%2Fcomments&post=10015"}],"wp:featuredmedia":[{"embeddable":true,"href":"https:\/\/afyonyoresel.com.tr\/index.php?rest_route=\/wp\/v2\/media\/10039"}],"wp:attachment":[{"href":"https:\/\/afyonyoresel.com.tr\/index.php?rest_route=%2Fwp%2Fv2%2Fmedia&parent=10015"}],"wp:term":[{"taxonomy":"product_cat","embeddable":true,"href":"https:\/\/afyonyoresel.com.tr\/index.php?rest_route=%2Fwp%2Fv2%2Fproduct_cat&post=10015"},{"taxonomy":"product_tag","embeddable":true,"href":"https:\/\/afyonyoresel.com.tr\/index.php?rest_route=%2Fwp%2Fv2%2Fproduct_tag&post=10015"}],"curies":[{"name":"wp","href":"https:\/\/api.w.org\/{rel}","templated":true}]}}